{"id":43032,"date":"2024-09-25T10:47:33","date_gmt":"2024-09-25T15:47:33","guid":{"rendered":"https:\/\/www.fogapi.net\/?page_id=43032"},"modified":"2025-03-31T10:20:10","modified_gmt":"2025-03-31T15:20:10","slug":"contactanos-garantias-ambientales","status":"publish","type":"page","link":"https:\/\/www.fogapi.net\/contactanos-garantias-ambientales\/","title":{"rendered":"Cont\u00e1ctanos Garant\u00edas Ambientales"},"content":{"rendered":"\t\t<div data-elementor-type=\"wp-page\" data-elementor-id=\"43032\" class=\"elementor elementor-43032\">\n\t\t\t\t<div class=\"elementor-element elementor-element-7735f00 e-flex e-con-boxed e-con e-parent\" data-id=\"7735f00\" data-element_type=\"container\" data-e-type=\"container\" data-settings=\"{&quot;background_background&quot;:&quot;classic&quot;}\">\n\t\t\t\t\t<div class=\"e-con-inner\">\n\t\t<div class=\"elementor-element elementor-element-b2b2fde e-con-full e-flex e-con e-child\" data-id=\"b2b2fde\" data-element_type=\"container\" data-e-type=\"container\">\n\t\t<div class=\"elementor-element elementor-element-077f272 e-con-full e-flex e-con e-child\" data-id=\"077f272\" data-element_type=\"container\" data-e-type=\"container\">\n\t\t<div class=\"elementor-element elementor-element-13c663f e-con-full e-flex e-con e-child\" data-id=\"13c663f\" data-element_type=\"container\" data-e-type=\"container\">\n\t\t\t\t<div class=\"elementor-element elementor-element-1c015c3 elementor-widget elementor-widget-heading\" data-id=\"1c015c3\" data-element_type=\"widget\" data-e-type=\"widget\" data-widget_type=\"heading.default\">\n\t\t\t\t<div class=\"elementor-widget-container\">\n\t\t\t\t\t<h5 class=\"elementor-heading-title elementor-size-default\">  Garant\u00edas Ambientales<\/h5>\t\t\t\t<\/div>\n\t\t\t\t<\/div>\n\t\t\t\t<div class=\"elementor-element elementor-element-3635a14 elementor-widget elementor-widget-html\" data-id=\"3635a14\" data-element_type=\"widget\" data-e-type=\"widget\" data-widget_type=\"html.default\">\n\t\t\t\t<div class=\"elementor-widget-container\">\n\t\t\t\t\t<!DOCTYPE html>\n<html lang=\"es\">\n<head>\n    <meta charset=\"UTF-8\">\n    <meta name=\"viewport\" content=\"width=device-width, initial-scale=1.0\">\n    <title>T\u00edtulo con Source Sans Pro<\/title>\n    <link href=\"https:\/\/fonts.googleapis.com\/css2?family=Source+Sans+Pro:wght@700&display=swap\" rel=\"stylesheet\">\n    <style>\n        h1 {\n            font-family: 'Source Sans Pro', sans-serif;\n            font-size: 48px;\n            font-weight: 700; \/* Negrita *\/\n            color: white !important; \/* Forzar texto en blanco *\/\n            text-align: left; \/* Justificaci\u00f3n a la izquierda *\/\n            margin: 0;\n        }\n\n        .title-line {\n            display: block; \/* Mantener las l\u00edneas separadas *\/\n        }\n\n        body {\n            padding: 20px; \/* Espacio alrededor del texto *\/\n        }\n    <\/style>\n<\/head>\n<body>\n    <h1>\n        <span class=\"title-line\">Cont\u00e1ctanos para impulsar <\/span>\n        <span class=\"title-line\"> tu proyecto verde aqu\u00ed<\/span>\n    <\/h1>\n<\/body>\n<\/html>\n\t\t\t\t<\/div>\n\t\t\t\t<\/div>\n\t\t\t\t<\/div>\n\t\t\t\t<\/div>\n\t\t\t\t<\/div>\n\t\t\t\t\t<\/div>\n\t\t\t\t<\/div>\n\t\t<div class=\"elementor-element elementor-element-038e815 e-flex e-con-boxed e-con e-parent\" data-id=\"038e815\" data-element_type=\"container\" data-e-type=\"container\" data-settings=\"{&quot;background_background&quot;:&quot;classic&quot;}\">\n\t\t\t\t\t<div class=\"e-con-inner\">\n\t\t\t\t<div class=\"elementor-element elementor-element-0e28753 elementor-widget elementor-widget-heading\" data-id=\"0e28753\" data-element_type=\"widget\" data-e-type=\"widget\" data-widget_type=\"heading.default\">\n\t\t\t\t<div class=\"elementor-widget-container\">\n\t\t\t\t\t<h2 class=\"elementor-heading-title elementor-size-default\">D\u00e9janos tus datos y un asesor se comunicar\u00e1 contigo<\/h2>\t\t\t\t<\/div>\n\t\t\t\t<\/div>\n\t\t<div class=\"elementor-element elementor-element-f478403 e-con-full e-flex e-con e-child\" data-id=\"f478403\" data-element_type=\"container\" data-e-type=\"container\">\n\t\t\t\t<div class=\"elementor-element elementor-element-33962c1 elementor-widget elementor-widget-formidable\" data-id=\"33962c1\" data-element_type=\"widget\" data-e-type=\"widget\" data-widget_type=\"formidable.default\">\n\t\t\t\t<div class=\"elementor-widget-container\">\n\t\t\t\t\t<div class=\"frm_forms  with_frm_style frm_style_estilo-de-formidable\" id=\"frm_form_2_container\" data-token=\"7518309056ce19ff1ac828618e5ee503\">\n<form enctype=\"multipart\/form-data\" method=\"post\" class=\"frm-show-form \" id=\"form_garantias-ambientales\" data-token=\"7518309056ce19ff1ac828618e5ee503\">\n<div class=\"frm_form_fields \">\n<fieldset>\n<legend class=\"frm_screen_reader\">Garant\u00edas Ambientales<\/legend>\r\n\r\n<div class=\"frm_fields_container\">\n<input type=\"hidden\" name=\"frm_action\" value=\"create\" \/>\n<input type=\"hidden\" name=\"form_id\" value=\"2\" \/>\n<input type=\"hidden\" name=\"frm_hide_fields_2\" id=\"frm_hide_fields_2\" value=\"\" \/>\n<input type=\"hidden\" name=\"form_key\" value=\"garantias-ambientales\" \/>\n<input type=\"hidden\" name=\"item_meta[0]\" value=\"\" \/>\n<input type=\"hidden\" id=\"frm_submit_entry_2\" name=\"frm_submit_entry_2\" value=\"234471e4b5\" \/><input type=\"hidden\" name=\"_wp_http_referer\" value=\"\/wp-json\/wp\/v2\/pages\/43032\" \/><div id=\"frm_field_10_container\" class=\"frm_form_field form-field  frm_required_field frm_top_container\">\r\n\t<div  id=\"field_ji13k_label\" class=\"frm_primary_label\">Nombre\r\n\t\t<span class=\"frm_required\" aria-hidden=\"true\">*<\/span>\r\n\t<\/div>\r\n\t<fieldset aria-labelledby=\"field_ji13k_label\">\n\t<legend class=\"frm_screen_reader frm_hidden\">\n\t\tNombre\t<\/legend>\n\n\t<div  class=\"frm_combo_inputs_container\" id=\"frm_combo_inputs_container_10\" data-name-layout=\"first_last\">\n\t\t\t\t\t<div\n\t\t\t\tid=\"frm_field_10-first_container\"\n\t\t\t\tclass=\"frm_form_field form-field frm_form_subfield-first  frm6\"\n\t\t\t\tdata-sub-field-name=\"first\"\n\t\t\t>\n\t\t\t\t<label for=\"field_ji13k_first\" class=\"frm_screen_reader frm_hidden\">\n\t\t\t\t\tNombre\t\t\t\t<\/label>\n\n\t\t\t\t<input  type=\"text\" id=\"field_ji13k_first\" value=\"\" name=\"item_meta[10][first]\" autocomplete=\"given-name\" data-reqmsg=\"Nombre no puede estar en blanco.\" aria-required=\"true\" data-invmsg=\"Nombre no es v\u00e1lido\" aria-invalid=\"false\"  \/><div class=\"frm_description\" id=\"frm_field_10_first_desc\">Nombre<\/div>\t\t\t<\/div>\n\t\t\t\t\t\t<div\n\t\t\t\tid=\"frm_field_10-last_container\"\n\t\t\t\tclass=\"frm_form_field form-field frm_form_subfield-last  frm6\"\n\t\t\t\tdata-sub-field-name=\"last\"\n\t\t\t>\n\t\t\t\t<label for=\"field_ji13k_last\" class=\"frm_screen_reader frm_hidden\">\n\t\t\t\t\tApellidos\t\t\t\t<\/label>\n\n\t\t\t\t<input  type=\"text\" id=\"field_ji13k_last\" value=\"\" name=\"item_meta[10][last]\" autocomplete=\"family-name\" data-reqmsg=\"Nombre no puede estar en blanco.\" aria-required=\"true\" data-invmsg=\"Nombre no es v\u00e1lido\" aria-invalid=\"false\"  \/><div class=\"frm_description\" id=\"frm_field_10_last_desc\">Apellidos<\/div>\t\t\t<\/div>\n\t\t\t\t<\/div>\n<\/fieldset>\n\r\n\t\r\n\t\r\n<\/div>\n<div id=\"frm_field_14_container\" class=\"frm_form_field form-field  frm_required_field frm_top_container frm6 frm_first\">\r\n\t<label for=\"field_teldh\" id=\"field_teldh_label\" class=\"frm_primary_label\">Empresa\r\n\t\t<span class=\"frm_required\" aria-hidden=\"true\">*<\/span>\r\n\t<\/label>\r\n\t<input type=\"text\" id=\"field_teldh\" name=\"item_meta[14]\" value=\"\"  data-reqmsg=\"Empresa no puede estar en blanco.\" aria-required=\"true\" data-invmsg=\"Empresa no es v\u00e1lido\" aria-invalid=\"false\"  \/>\r\n\t\r\n\t\r\n<\/div>\n<div id=\"frm_field_16_container\" class=\"frm_form_field form-field  frm_required_field frm_top_container frm6\">\r\n\t<label for=\"field_4gbrr\" id=\"field_4gbrr_label\" class=\"frm_primary_label\">RUC\r\n\t\t<span class=\"frm_required\" aria-hidden=\"true\">*<\/span>\r\n\t<\/label>\r\n\t<input type=\"text\" id=\"field_4gbrr\" name=\"item_meta[16]\" value=\"\"  data-reqmsg=\"RUC no puede estar en blanco.\" aria-required=\"true\" data-invmsg=\"RUC no es v\u00e1lido\" aria-invalid=\"false\"  \/>\r\n\t\r\n\t\r\n<\/div>\n<div id=\"frm_field_11_container\" class=\"frm_form_field form-field  frm_required_field frm_top_container frm6 frm_first\">\r\n\t<label for=\"field_texbd\" id=\"field_texbd_label\" class=\"frm_primary_label\">Correo eletr\u00f3nico\r\n\t\t<span class=\"frm_required\" aria-hidden=\"true\">*<\/span>\r\n\t<\/label>\r\n\t<input type=\"email\" id=\"field_texbd\" name=\"item_meta[11]\" value=\"\"  data-reqmsg=\"Correo eletr\u00f3nico no puede estar en blanco.\" aria-required=\"true\" data-invmsg=\"Correo eletr\u00f3nico no es v\u00e1lido\" aria-invalid=\"false\"  \/>\r\n\t\r\n\t\r\n<\/div>\n<div id=\"frm_field_12_container\" class=\"frm_form_field form-field  frm_required_field frm_top_container frm6\">\r\n\t<label for=\"field_73l4y\" id=\"field_73l4y_label\" class=\"frm_primary_label\">Tel\u00e9fono\r\n\t\t<span class=\"frm_required\" aria-hidden=\"true\">*<\/span>\r\n\t<\/label>\r\n\t<input type=\"tel\" id=\"field_73l4y\" name=\"item_meta[12]\" value=\"\"  data-reqmsg=\"Tel\u00e9fono no puede estar en blanco.\" aria-required=\"true\" data-invmsg=\"Tel\u00e9fono no es v\u00e1lido\" aria-invalid=\"false\" pattern=\"((\\+\\d{1,3}(-|.| )?\\(?\\d\\)?(-| |.)?\\d{1,5})|(\\(?\\d{2,6}\\)?))(-|.| )?(\\d{3,4})(-|.| )?(\\d{4})(( x| ext)\\d{1,5}){0,1}$\"  \/>\r\n\t\r\n\t\r\n<\/div>\n<div id=\"frm_field_17_container\" class=\"frm_form_field form-field  frm_required_field frm_top_container frm6 frm_first\">\r\n\t<label for=\"field_ilp24\" id=\"field_ilp24_label\" class=\"frm_primary_label\">Departamento\r\n\t\t<span class=\"frm_required\" aria-hidden=\"true\">*<\/span>\r\n\t<\/label>\r\n\t\t\t<select name=\"item_meta[17]\" id=\"field_ilp24\"  data-reqmsg=\"Departamento no puede estar en blanco.\" aria-required=\"true\" data-invmsg=\"Departamento no es v\u00e1lido\" aria-invalid=\"false\"  >\n\t\t<option  value=\"Amazonas\">Amazonas<\/option><option  value=\"Ancash\">Ancash<\/option><option  value=\"Apurimac\">Apurimac<\/option><option  value=\"Arequipa\">Arequipa<\/option><option  value=\"Ayacucho\">Ayacucho<\/option><option  value=\"Cajamarca\">Cajamarca<\/option><option  value=\"Callao\">Callao<\/option><option  value=\"Cusco\">Cusco<\/option><option  value=\"Huancavelica\">Huancavelica<\/option><option  value=\"Huanuco\">Huanuco<\/option><option  value=\"Ica\">Ica<\/option><option  value=\"Junin\">Junin<\/option><option  value=\"La Libertad\">La Libertad<\/option><option  value=\"Lambayeque\">Lambayeque<\/option><option  value=\"Lima\">Lima<\/option><option  value=\"Loreto\">Loreto<\/option><option  value=\"Madre de Dios\">Madre de Dios<\/option><option  value=\"Moquegua\">Moquegua<\/option><option  value=\"Pasco\">Pasco<\/option><option  value=\"Piura\">Piura<\/option><option  value=\"Puno\">Puno<\/option><option  value=\"San Martin\">San Martin<\/option><option  value=\"Tacna\">Tacna<\/option><option  value=\"Tumbes\">Tumbes<\/option><option  value=\"Ucayali\">Ucayali<\/option><option  value=\"Otro\">Otro<\/option>\t<\/select>\n\t\r\n\t\r\n\t\r\n<\/div>\n<div id=\"frm_field_18_container\" class=\"frm_form_field form-field  frm_required_field frm_top_container frm6\">\r\n\t<label for=\"field_sl4o0\" id=\"field_sl4o0_label\" class=\"frm_primary_label\">Ciudad\r\n\t\t<span class=\"frm_required\" aria-hidden=\"true\">*<\/span>\r\n\t<\/label>\r\n\t<input type=\"text\" id=\"field_sl4o0\" name=\"item_meta[18]\" value=\"\"  data-reqmsg=\"Ciudad no puede estar en blanco.\" aria-required=\"true\" data-invmsg=\"Ciudad no es v\u00e1lido\" aria-invalid=\"false\"  \/>\r\n\t\r\n\t\r\n<\/div>\n<div id=\"frm_field_19_container\" class=\"frm_form_field form-field  frm_required_field frm_top_container\">\r\n\t<label for=\"field_4exyc\" id=\"field_4exyc_label\" class=\"frm_primary_label\">Te interesa el programa como:\r\n\t\t<span class=\"frm_required\" aria-hidden=\"true\">*<\/span>\r\n\t<\/label>\r\n\t\t\t<select name=\"item_meta[19]\" id=\"field_4exyc\"  data-reqmsg=\"Te interesa el programa como: no puede estar en blanco.\" aria-required=\"true\" data-invmsg=\"Te interesa el programa como: no es v\u00e1lido\" aria-invalid=\"false\"  >\n\t\t<option  value=\"MYPE\">MYPE<\/option><option  value=\"Proveedor de Tecnolog\u00edas Verdes\">Proveedor de Tecnolog\u00edas Verdes<\/option><option  value=\"Instituci\u00f3n Financiera\">Instituci\u00f3n Financiera<\/option><option  value=\"Otro\">Otro<\/option>\t<\/select>\n\t\r\n\t\r\n\t\r\n<\/div>\n<div id=\"frm_field_7_container\" class=\"frm_form_field form-field  frm12 frm_first\">\r\n\t<div class=\"frm_submit frm_flex\">\r\n<button class=\"frm_button_submit\" type=\"submit\"  >Enviar<\/button>\r\n\r\n\r\n\r\n<\/div>\r\n<\/div>\n\t<input type=\"hidden\" name=\"item_key\" value=\"\" \/>\n\t\t\t<div id=\"frm_field_20_container\">\n\t\t\t<label for=\"field_69pih\" >\n\t\t\t\tSi eres humano, deja este campo en blanco.\t\t\t<\/label>\n\t\t\t<input  id=\"field_69pih\" type=\"text\" class=\"frm_form_field form-field frm_verify\" name=\"item_meta[20]\" value=\"\"  \/>\n\t\t<\/div>\n\t\t<input name=\"frm_state\" type=\"hidden\" value=\"eHfYbIUStjoLb15G07MGe0VQ47qwEwRdRsSd+\/O6HAU=\" \/><\/div>\n<\/fieldset>\n<\/div>\n\n<\/form>\n<\/div>\n\t\t\t\t<\/div>\n\t\t\t\t<\/div>\n\t\t\t\t<div class=\"elementor-element elementor-element-720e78a elementor-widget elementor-widget-text-editor\" data-id=\"720e78a\" data-element_type=\"widget\" data-e-type=\"widget\" data-widget_type=\"text-editor.default\">\n\t\t\t\t<div class=\"elementor-widget-container\">\n\t\t\t\t\t\t\t\t\t<p>Al dar click en \u00ab<strong>Enviar <\/strong>\u00bb usted estar\u00e1 aceptando nuestras\u00a0 <a href=\"https:\/\/www.fogapi.net\/wp-content\/uploads\/2020\/08\/politica_privacidad-FOGAPI.pdf\"><span style=\"color: #000000;\"><strong>Pol\u00edticas de Privacidad<\/strong><\/span><\/a><\/p>\t\t\t\t\t\t\t\t<\/div>\n\t\t\t\t<\/div>\n\t\t\t\t<\/div>\n\t\t\t\t\t<\/div>\n\t\t\t\t<\/div>\n\t\t\t\t<\/div>\n\t\t","protected":false},"excerpt":{"rendered":"<p>Garant\u00edas Ambientales T\u00edtulo con Source Sans Pro Cont\u00e1ctanos para impulsar tu proyecto verde aqu\u00ed D\u00e9janos tus datos y un asesor se comunicar\u00e1 contigo Garant\u00edas Ambientales Nombre * Nombre Nombre Nombre Apellidos Apellidos Empresa * RUC * Correo eletr\u00f3nico * Tel\u00e9fono * Departamento * AmazonasAncashApurimacArequipaAyacuchoCajamarcaCallaoCuscoHuancavelicaHuanucoIcaJuninLa LibertadLambayequeLimaLoretoMadre de DiosMoqueguaPascoPiuraPunoSan MartinTacnaTumbesUcayaliOtro Ciudad * Te interesa el programa como: [&hellip;]<\/p>\n","protected":false},"author":5,"featured_media":0,"parent":0,"menu_order":1,"comment_status":"closed","ping_status":"closed","template":"","meta":{"_et_pb_use_builder":"","_et_pb_old_content":"","_et_gb_content_width":"","footnotes":""},"class_list":["post-43032","page","type-page","status-publish","hentry"],"_links":{"self":[{"href":"https:\/\/www.fogapi.net\/wp-json\/wp\/v2\/pages\/43032","targetHints":{"allow":["GET"]}}],"collection":[{"href":"https:\/\/www.fogapi.net\/wp-json\/wp\/v2\/pages"}],"about":[{"href":"https:\/\/www.fogapi.net\/wp-json\/wp\/v2\/types\/page"}],"author":[{"embeddable":true,"href":"https:\/\/www.fogapi.net\/wp-json\/wp\/v2\/users\/5"}],"replies":[{"embeddable":true,"href":"https:\/\/www.fogapi.net\/wp-json\/wp\/v2\/comments?post=43032"}],"version-history":[{"count":92,"href":"https:\/\/www.fogapi.net\/wp-json\/wp\/v2\/pages\/43032\/revisions"}],"predecessor-version":[{"id":43415,"href":"https:\/\/www.fogapi.net\/wp-json\/wp\/v2\/pages\/43032\/revisions\/43415"}],"wp:attachment":[{"href":"https:\/\/www.fogapi.net\/wp-json\/wp\/v2\/media?parent=43032"}],"curies":[{"name":"wp","href":"https:\/\/api.w.org\/{rel}","templated":true}]}}