{"id":41882,"date":"2021-08-26T22:47:25","date_gmt":"2021-08-26T22:47:25","guid":{"rendered":"https:\/\/www.fogapi.net\/?page_id=41882"},"modified":"2025-02-13T11:01:21","modified_gmt":"2025-02-13T16:01:21","slug":"canal-de-denuncias-bdo","status":"publish","type":"page","link":"https:\/\/www.fogapi.net\/canal-de-denuncias-bdo\/","title":{"rendered":"Canal de Denuncias BDO"},"content":{"rendered":"<p>[et_pb_section fb_built=\u00bb1&#8243; _builder_version=\u00bb4.16&#8243; global_colors_info=\u00bb{}\u00bb][et_pb_row _builder_version=\u00bb4.19.4&#8243; _module_preset=\u00bbdefault\u00bb background_enable_image=\u00bboff\u00bb global_colors_info=\u00bb{}\u00bb][et_pb_column type=\u00bb4_4&#8243; _builder_version=\u00bb4.16&#8243; _module_preset=\u00bbdefault\u00bb global_colors_info=\u00bb{}\u00bb][et_pb_text content_tablet=\u00bb\u00bb content_phone=\u00bb\u00bb content_last_edited=\u00bbon|phone\u00bb disabled_on=\u00bboff|off|off\u00bb _builder_version=\u00bb4.24.3&#8243; _module_preset=\u00bbdefault\u00bb text_text_color=\u00bb#000000&#8243; hover_enabled=\u00bb0&#8243; global_colors_info=\u00bb{}\u00bb sticky_enabled=\u00bb0&#8243;]<\/p>\n<h1 style=\"text-align: center;\"><strong>Haz tu denuncia de manera an\u00f3nima y confidencial<\/strong><\/h1>\n<p>&nbsp;<\/p>\n<p><strong>Reuni\u00f3n con especialista BDO:<\/strong><\/p>\n<p><i class=\"fas fa-building\" aria-hidden=\"true\">\u00a0<\/i>Av. Camino Real N\u00ba 456, Torre Real, Oficina 1203 &#8211; San Isidro.<\/p>\n<p>Remitir informaci\u00f3n con atenci\u00f3n del Sr. Alexander Sedano y el asunto L\u00ednea \u00c9tica FOGAPI. Reuni\u00f3n virtual v\u00eda Microsoft Teams.<\/p>\n<p><strong>Buz\u00f3n de Correspondencia:<\/strong><\/p>\n<p>En las oficinas de BDO CONSULTING Av. Camino Real N\u00ba 456, Torre Real, Oficina 1203 &#8211; San Isidro. Con horario de atenci\u00f3n de lunes a viernes a 9 a.m. a 6 p.m.<\/p>\n<p><i class=\"fas fa-phone\" aria-hidden=\"true\"><\/i><span style=\"color: #343a40;\"><strong>\u00a0L\u00ednea gratuita: <\/strong><span style=\"color: #343a40;\">0800 00626 \/ <strong>Fijo:<\/strong> (511) 622 3103<\/span><\/span><\/p>\n<p><i class=\"fab fa-chrome\" aria-hidden=\"true\"><\/i> <em><a href=\"https:\/\/bdolineaetica.smartsys.com.pe\/fogapi\" target=\"_blank\" rel=\"noopener\"><span style=\"color: #343a40;\">\u00a0www.bdolineaetica.smartsys.com.pe\/fogapi<\/span><\/a><\/em><\/p>\n<p><i class=\"fas fa-envelope-open-text\" aria-hidden=\"true\"><\/i>\u00a0lineaetica@bdo.com.pe<\/p>\n<p>[\/et_pb_text][\/et_pb_column][\/et_pb_row][\/et_pb_section]<\/p>\n","protected":false},"excerpt":{"rendered":"<p>Haz tu denuncia de manera an\u00f3nima y confidencial&#8230;<\/p>\n","protected":false},"author":5,"featured_media":0,"parent":0,"menu_order":4,"comment_status":"closed","ping_status":"closed","template":"","meta":{"_et_pb_use_builder":"on","_et_pb_old_content":"","_et_gb_content_width":"","footnotes":""},"class_list":["post-41882","page","type-page","status-publish","hentry"],"_links":{"self":[{"href":"https:\/\/www.fogapi.net\/wp-json\/wp\/v2\/pages\/41882","targetHints":{"allow":["GET"]}}],"collection":[{"href":"https:\/\/www.fogapi.net\/wp-json\/wp\/v2\/pages"}],"about":[{"href":"https:\/\/www.fogapi.net\/wp-json\/wp\/v2\/types\/page"}],"author":[{"embeddable":true,"href":"https:\/\/www.fogapi.net\/wp-json\/wp\/v2\/users\/5"}],"replies":[{"embeddable":true,"href":"https:\/\/www.fogapi.net\/wp-json\/wp\/v2\/comments?post=41882"}],"version-history":[{"count":32,"href":"https:\/\/www.fogapi.net\/wp-json\/wp\/v2\/pages\/41882\/revisions"}],"predecessor-version":[{"id":42890,"href":"https:\/\/www.fogapi.net\/wp-json\/wp\/v2\/pages\/41882\/revisions\/42890"}],"wp:attachment":[{"href":"https:\/\/www.fogapi.net\/wp-json\/wp\/v2\/media?parent=41882"}],"curies":[{"name":"wp","href":"https:\/\/api.w.org\/{rel}","templated":true}]}}